{"id":12282,"date":"2022-06-02T07:14:29","date_gmt":"2022-06-02T07:14:29","guid":{"rendered":"https:\/\/dhilifestyle.com\/?post_type=product&#038;p=12282"},"modified":"2023-04-20T16:15:13","modified_gmt":"2023-04-20T16:15:13","slug":"tui-dung-tham-yoga","status":"publish","type":"product","link":"https:\/\/dhilifestyle.com\/en\/product\/tui-dung-tham-yoga\/","title":{"rendered":"T\u00fai \u0111\u1ef1ng th\u1ea3m yoga"},"content":{"rendered":"<p>\u0110\u01b0\u1ee3c may t\u1eeb ch\u1ea5t li\u1ec7u \u0111\u1eb7c bi\u1ec7t cao c\u1ea5p c\u00f3 t\u00ednh n\u0103ng tr\u01b0\u1ee3t n\u01b0\u1edbc, ch\u1ed1ng th\u1ea5m n\u01b0\u1edbc. T\u00fai \u0111\u1ef1ng th\u1ea3m Yoga Dhi s\u1ebd l\u00e0 ng\u01b0\u1eddi b\u1ea1n ho\u00e0n h\u1ea3o trong vi\u1ec7c b\u1ea3o v\u1ec7 th\u1ea3m kh\u1ecfi nh\u1eefng y\u1ebfu t\u1ed1 \u1ea3nh h\u01b0\u1edfng t\u00e1c \u0111\u1ed9ng t\u1eeb b\u00ean ngo\u00e0i. \u0110\u1eb7c bi\u1ec7t c\u1ea7n thi\u1ebft v\u00e0 ti\u1ec7n d\u1ee5ng trong nh\u1eefng chuy\u1ebfn \u0111i trong th\u1eddi ti\u1ebft \u1ea9m \u01b0\u1edbt.<\/p>","protected":false},"excerpt":{"rendered":"<p>\u0110\u01b0\u1ee3c may t\u1eeb ch\u1ea5t li\u1ec7u \u0111\u1eb7c bi\u1ec7t cao c\u1ea5p c\u00f3 t\u00ednh n\u0103ng tr\u01b0\u1ee3t n\u01b0\u1edbc, ch\u1ed1ng th\u1ea5m n\u01b0\u1edbc. T\u00fai \u0111\u1ef1ng th\u1ea3m Yoga Dhi s\u1ebd l\u00e0 ng\u01b0\u1eddi b\u1ea1n ho\u00e0n h\u1ea3o trong vi\u1ec7c b\u1ea3o v\u1ec7 th\u1ea3m kh\u1ecfi nh\u1eefng y\u1ebfu t\u1ed1 \u1ea3nh h\u01b0\u1edfng t\u00e1c \u0111\u1ed9ng t\u1eeb b\u00ean ngo\u00e0i. \u0110\u1eb7c bi\u1ec7t c\u1ea7n thi\u1ebft v\u00e0 ti\u1ec7n d\u1ee5ng trong nh\u1eefng chuy\u1ebfn \u0111i trong th\u1eddi ti\u1ebft \u1ea9m \u01b0\u1edbt.<\/p>","protected":false},"featured_media":12283,"comment_status":"open","ping_status":"closed","template":"","meta":{"_monsterinsights_skip_tracking":false,"_monsterinsights_sitenote_active":false,"_monsterinsights_sitenote_note":"","_monsterinsights_sitenote_category":0,"spay_email":""},"product_cat":[89],"product_tag":[91,73,92,93,90,72],"_links":{"self":[{"href":"https:\/\/dhilifestyle.com\/en\/wp-json\/wp\/v2\/product\/12282"}],"collection":[{"href":"https:\/\/dhilifestyle.com\/en\/wp-json\/wp\/v2\/product"}],"about":[{"href":"https:\/\/dhilifestyle.com\/en\/wp-json\/wp\/v2\/types\/product"}],"replies":[{"embeddable":true,"href":"https:\/\/dhilifestyle.com\/en\/wp-json\/wp\/v2\/comments?post=12282"}],"wp:featuredmedia":[{"embeddable":true,"href":"https:\/\/dhilifestyle.com\/en\/wp-json\/wp\/v2\/media\/12283"}],"wp:attachment":[{"href":"https:\/\/dhilifestyle.com\/en\/wp-json\/wp\/v2\/media?parent=12282"}],"wp:term":[{"taxonomy":"product_cat","embeddable":true,"href":"https:\/\/dhilifestyle.com\/en\/wp-json\/wp\/v2\/product_cat?post=12282"},{"taxonomy":"product_tag","embeddable":true,"href":"https:\/\/dhilifestyle.com\/en\/wp-json\/wp\/v2\/product_tag?post=12282"}],"curies":[{"name":"wp","href":"https:\/\/api.w.org\/{rel}","templated":true}]}}