{"id":12802,"date":"2022-09-02T09:41:38","date_gmt":"2022-09-02T09:41:38","guid":{"rendered":"https:\/\/dhilifestyle.com\/?post_type=product&#038;p=12802"},"modified":"2025-10-11T18:43:49","modified_gmt":"2025-10-11T18:43:49","slug":"victory-yoga-wear-prussian-blue","status":"publish","type":"product","link":"https:\/\/dhilifestyle.com\/en\/product\/victory-yoga-wear-prussian-blue\/","title":{"rendered":"Victory Yoga Wear &#8211; Prussian Blue"},"content":{"rendered":"<h4><span data-sheets-value=\"{&quot;1&quot;:2,&quot;2&quot;:&quot;NH\u1eeeNG \u0110I\u1ec0U DHI G\u1eecI G\u1eaeM V\u00c0O S\u1ea2N PH\u1ea8M (big title)nn\u0110\u01b0\u1ee3c s\u1ea3n xu\u1ea5t t\u1eeb ch\u1ea5t li\u1ec7u co gi\u00e3n \u0111a chi\u1ec1u, s\u1ea3n ph\u1ea9m ch\u1eafc ch\u1eafn s\u1ebd mang l\u1ea1i c\u1ea3m gi\u00e1c tho\u1ea3i m\u00e1i, d\u1ec5 ch\u1ecbu v\u00e0 \u00eam \u00e1i cho b\u1ea1n. Th\u00e2n tr\u01b0\u1edbc \u00e1o bra c\u00f3 3 l\u1edbp v\u00e0 ph\u1ea7n m\u00fat c\u00f3 th\u1ec3 th\u00e1o r\u1eddi. Ph\u1ea7n d\u00e2y v\u00e0 l\u01b0ng \u0111\u01b0\u1ee3c c\u1eaft x\u1ebb g\u1ee3i c\u1ea3m. G\u1ea5u qu\u1ea7n legging \u0111\u01b0\u1ee3c thi\u1ebft k\u1ebf v\u1eeba ch\u1ea1m m\u1eaft c\u00e1 \u0111\u1ea7y tinh t\u1ebf t\u0103ng \u0111\u1ed9 th\u1ea9m m\u1ef9 cho \u0111\u00f4i ch\u00e2n v\u00e0 kh\u00f4ng v\u01b0\u1edbng v\u00edu trong t\u1eadp luy\u1ec7n. nnH\u01af\u1edaNG D\u1eaaN B\u1ea2O QU\u1ea2N S\u1ea2N PH\u1ea8M (big title)nnLu\u00f4n l\u1ed9n tr\u00e1i m\u1eb7t s\u1ea3n ph\u1ea9m khi gi\u1eb7t v\u00e0 ph\u01a1i.nLu\u00f4n b\u1ecf qu\u1ea7n \u00e1o v\u00e0o t\u00fai gi\u1eb7t khi gi\u1eb7t.nCh\u1ec9 gi\u1eb7t qu\u1ea7n \u00e1o b\u1eb1ng n\u01b0\u1edbc l\u1ea1nh.nCh\u1ec9 \u1ee7i m\u1eb7t tr\u00e1i c\u1ee7a s\u1ea3n ph\u1ea9m v\u1edbi nhi\u1ec7t \u0111\u1ed9 v\u1eeba ph\u1ea3i. nnL\u01b0u \u00fd tuy\u1ec7t \u0111\u1ed1i KH\u00d4NG:nGi\u1eb7t qu\u1ea7n \u00e1o b\u1eb1ng n\u01b0\u1edbc n\u00f3ng.nGi\u1eb7t b\u1eb1ng c\u00e1c ho\u00e1 ch\u1ea5t t\u1ea9y, r\u1eeda.&quot;}\" data-sheets-userformat=\"{&quot;2&quot;:13185,&quot;3&quot;:{&quot;1&quot;:0},&quot;10&quot;:1,&quot;11&quot;:4,&quot;12&quot;:0,&quot;15&quot;:&quot;Arial&quot;,&quot;16&quot;:11}\" data-sheets-textstyleruns=\"{&quot;1&quot;:0,&quot;2&quot;:{&quot;5&quot;:1}}\uee10{&quot;1&quot;:48}\uee10{&quot;1&quot;:391,&quot;2&quot;:{&quot;5&quot;:1}}\uee10{&quot;1&quot;:431}\uee10{&quot;1&quot;:603,&quot;2&quot;:{&quot;5&quot;:1}}\uee10{&quot;1&quot;:626}\"><strong>Things Dhi pulls strings in the products<\/strong><\/span><\/h4>\n<p><span data-sheets-value=\"{&quot;1&quot;:2,&quot;2&quot;:&quot;NH\u1eeeNG \u0110I\u1ec0U DHI G\u1eecI G\u1eaeM V\u00c0O S\u1ea2N PH\u1ea8M (big title)nn\u0110\u01b0\u1ee3c s\u1ea3n xu\u1ea5t t\u1eeb ch\u1ea5t li\u1ec7u co gi\u00e3n \u0111a chi\u1ec1u, s\u1ea3n ph\u1ea9m ch\u1eafc ch\u1eafn s\u1ebd mang l\u1ea1i c\u1ea3m gi\u00e1c tho\u1ea3i m\u00e1i, d\u1ec5 ch\u1ecbu v\u00e0 \u00eam \u00e1i cho b\u1ea1n. Th\u00e2n tr\u01b0\u1edbc \u00e1o bra c\u00f3 3 l\u1edbp v\u00e0 ph\u1ea7n m\u00fat c\u00f3 th\u1ec3 th\u00e1o r\u1eddi. Ph\u1ea7n d\u00e2y v\u00e0 l\u01b0ng \u0111\u01b0\u1ee3c c\u1eaft x\u1ebb g\u1ee3i c\u1ea3m. G\u1ea5u qu\u1ea7n legging \u0111\u01b0\u1ee3c thi\u1ebft k\u1ebf v\u1eeba ch\u1ea1m m\u1eaft c\u00e1 \u0111\u1ea7y tinh t\u1ebf t\u0103ng \u0111\u1ed9 th\u1ea9m m\u1ef9 cho \u0111\u00f4i ch\u00e2n v\u00e0 kh\u00f4ng v\u01b0\u1edbng v\u00edu trong t\u1eadp luy\u1ec7n. nnH\u01af\u1edaNG D\u1eaaN B\u1ea2O QU\u1ea2N S\u1ea2N PH\u1ea8M (big title)nnLu\u00f4n l\u1ed9n tr\u00e1i m\u1eb7t s\u1ea3n ph\u1ea9m khi gi\u1eb7t v\u00e0 ph\u01a1i.nLu\u00f4n b\u1ecf qu\u1ea7n \u00e1o v\u00e0o t\u00fai gi\u1eb7t khi gi\u1eb7t.nCh\u1ec9 gi\u1eb7t qu\u1ea7n \u00e1o b\u1eb1ng n\u01b0\u1edbc l\u1ea1nh.nCh\u1ec9 \u1ee7i m\u1eb7t tr\u00e1i c\u1ee7a s\u1ea3n ph\u1ea9m v\u1edbi nhi\u1ec7t \u0111\u1ed9 v\u1eeba ph\u1ea3i. nnL\u01b0u \u00fd tuy\u1ec7t \u0111\u1ed1i KH\u00d4NG:nGi\u1eb7t qu\u1ea7n \u00e1o b\u1eb1ng n\u01b0\u1edbc n\u00f3ng.nGi\u1eb7t b\u1eb1ng c\u00e1c ho\u00e1 ch\u1ea5t t\u1ea9y, r\u1eeda.&quot;}\" data-sheets-userformat=\"{&quot;2&quot;:13185,&quot;3&quot;:{&quot;1&quot;:0},&quot;10&quot;:1,&quot;11&quot;:4,&quot;12&quot;:0,&quot;15&quot;:&quot;Arial&quot;,&quot;16&quot;:11}\" data-sheets-textstyleruns=\"{&quot;1&quot;:0,&quot;2&quot;:{&quot;5&quot;:1}}\uee10{&quot;1&quot;:48}\uee10{&quot;1&quot;:391,&quot;2&quot;:{&quot;5&quot;:1}}\uee10{&quot;1&quot;:431}\uee10{&quot;1&quot;:603,&quot;2&quot;:{&quot;5&quot;:1}}\uee10{&quot;1&quot;:626}\">Produced from multi-way stretch material, the product is sure to bring you comfort, comfort and smoothness. The bra front has 3 layers and the foam is removable. The strap and back are cut sexy. The hem of the leggings is designed to touch the ankle delicately, increasing the aesthetics of the legs and not getting entangled in exercise.<\/span><\/p>\n<h4><strong>Product Care Instructions<\/strong><\/h4>\n<p><span data-sheets-value=\"{&quot;1&quot;:2,&quot;2&quot;:&quot;NH\u1eeeNG \u0110I\u1ec0U DHI G\u1eecI G\u1eaeM V\u00c0O S\u1ea2N PH\u1ea8M (big title)nn\u0110\u01b0\u1ee3c s\u1ea3n xu\u1ea5t t\u1eeb ch\u1ea5t li\u1ec7u co gi\u00e3n \u0111a chi\u1ec1u, s\u1ea3n ph\u1ea9m ch\u1eafc ch\u1eafn s\u1ebd mang l\u1ea1i c\u1ea3m gi\u00e1c tho\u1ea3i m\u00e1i, d\u1ec5 ch\u1ecbu v\u00e0 \u00eam \u00e1i cho b\u1ea1n. Th\u00e2n tr\u01b0\u1edbc \u00e1o bra c\u00f3 3 l\u1edbp v\u00e0 ph\u1ea7n m\u00fat c\u00f3 th\u1ec3 th\u00e1o r\u1eddi. Ph\u1ea7n d\u00e2y v\u00e0 l\u01b0ng \u0111\u01b0\u1ee3c c\u1eaft x\u1ebb g\u1ee3i c\u1ea3m. G\u1ea5u qu\u1ea7n legging \u0111\u01b0\u1ee3c thi\u1ebft k\u1ebf v\u1eeba ch\u1ea1m m\u1eaft c\u00e1 \u0111\u1ea7y tinh t\u1ebf t\u0103ng \u0111\u1ed9 th\u1ea9m m\u1ef9 cho \u0111\u00f4i ch\u00e2n v\u00e0 kh\u00f4ng v\u01b0\u1edbng v\u00edu trong t\u1eadp luy\u1ec7n. nnH\u01af\u1edaNG D\u1eaaN B\u1ea2O QU\u1ea2N S\u1ea2N PH\u1ea8M (big title)nnLu\u00f4n l\u1ed9n tr\u00e1i m\u1eb7t s\u1ea3n ph\u1ea9m khi gi\u1eb7t v\u00e0 ph\u01a1i.nLu\u00f4n b\u1ecf qu\u1ea7n \u00e1o v\u00e0o t\u00fai gi\u1eb7t khi gi\u1eb7t.nCh\u1ec9 gi\u1eb7t qu\u1ea7n \u00e1o b\u1eb1ng n\u01b0\u1edbc l\u1ea1nh.nCh\u1ec9 \u1ee7i m\u1eb7t tr\u00e1i c\u1ee7a s\u1ea3n ph\u1ea9m v\u1edbi nhi\u1ec7t \u0111\u1ed9 v\u1eeba ph\u1ea3i. nnL\u01b0u \u00fd tuy\u1ec7t \u0111\u1ed1i KH\u00d4NG:nGi\u1eb7t qu\u1ea7n \u00e1o b\u1eb1ng n\u01b0\u1edbc n\u00f3ng.nGi\u1eb7t b\u1eb1ng c\u00e1c ho\u00e1 ch\u1ea5t t\u1ea9y, r\u1eeda.&quot;}\" data-sheets-userformat=\"{&quot;2&quot;:13185,&quot;3&quot;:{&quot;1&quot;:0},&quot;10&quot;:1,&quot;11&quot;:4,&quot;12&quot;:0,&quot;15&quot;:&quot;Arial&quot;,&quot;16&quot;:11}\" data-sheets-textstyleruns=\"{&quot;1&quot;:0,&quot;2&quot;:{&quot;5&quot;:1}}\uee10{&quot;1&quot;:48}\uee10{&quot;1&quot;:391,&quot;2&quot;:{&quot;5&quot;:1}}\uee10{&quot;1&quot;:431}\uee10{&quot;1&quot;:603,&quot;2&quot;:{&quot;5&quot;:1}}\uee10{&quot;1&quot;:626}\">Always turn the product upside down when washing and drying.<br \/>\nAlways put clothes in the laundry bag when washing.<br \/>\nWash clothes only in cold water.<br \/>\nIron only the reverse side of the product on moderate heat.<\/span><\/p>\n<h4><strong>Highly recommend not to<\/strong><\/h4>\n<p><span data-sheets-value=\"{&quot;1&quot;:2,&quot;2&quot;:&quot;NH\u1eeeNG \u0110I\u1ec0U DHI G\u1eecI G\u1eaeM V\u00c0O S\u1ea2N PH\u1ea8M (big title)nn\u0110\u01b0\u1ee3c s\u1ea3n xu\u1ea5t t\u1eeb ch\u1ea5t li\u1ec7u co gi\u00e3n \u0111a chi\u1ec1u, s\u1ea3n ph\u1ea9m ch\u1eafc ch\u1eafn s\u1ebd mang l\u1ea1i c\u1ea3m gi\u00e1c tho\u1ea3i m\u00e1i, d\u1ec5 ch\u1ecbu v\u00e0 \u00eam \u00e1i cho b\u1ea1n. Th\u00e2n tr\u01b0\u1edbc \u00e1o bra c\u00f3 3 l\u1edbp v\u00e0 ph\u1ea7n m\u00fat c\u00f3 th\u1ec3 th\u00e1o r\u1eddi. Ph\u1ea7n d\u00e2y v\u00e0 l\u01b0ng \u0111\u01b0\u1ee3c c\u1eaft x\u1ebb g\u1ee3i c\u1ea3m. G\u1ea5u qu\u1ea7n legging \u0111\u01b0\u1ee3c thi\u1ebft k\u1ebf v\u1eeba ch\u1ea1m m\u1eaft c\u00e1 \u0111\u1ea7y tinh t\u1ebf t\u0103ng \u0111\u1ed9 th\u1ea9m m\u1ef9 cho \u0111\u00f4i ch\u00e2n v\u00e0 kh\u00f4ng v\u01b0\u1edbng v\u00edu trong t\u1eadp luy\u1ec7n. nnH\u01af\u1edaNG D\u1eaaN B\u1ea2O QU\u1ea2N S\u1ea2N PH\u1ea8M (big title)nnLu\u00f4n l\u1ed9n tr\u00e1i m\u1eb7t s\u1ea3n ph\u1ea9m khi gi\u1eb7t v\u00e0 ph\u01a1i.nLu\u00f4n b\u1ecf qu\u1ea7n \u00e1o v\u00e0o t\u00fai gi\u1eb7t khi gi\u1eb7t.nCh\u1ec9 gi\u1eb7t qu\u1ea7n \u00e1o b\u1eb1ng n\u01b0\u1edbc l\u1ea1nh.nCh\u1ec9 \u1ee7i m\u1eb7t tr\u00e1i c\u1ee7a s\u1ea3n ph\u1ea9m v\u1edbi nhi\u1ec7t \u0111\u1ed9 v\u1eeba ph\u1ea3i. nnL\u01b0u \u00fd tuy\u1ec7t \u0111\u1ed1i KH\u00d4NG:nGi\u1eb7t qu\u1ea7n \u00e1o b\u1eb1ng n\u01b0\u1edbc n\u00f3ng.nGi\u1eb7t b\u1eb1ng c\u00e1c ho\u00e1 ch\u1ea5t t\u1ea9y, r\u1eeda.&quot;}\" data-sheets-userformat=\"{&quot;2&quot;:13185,&quot;3&quot;:{&quot;1&quot;:0},&quot;10&quot;:1,&quot;11&quot;:4,&quot;12&quot;:0,&quot;15&quot;:&quot;Arial&quot;,&quot;16&quot;:11}\" data-sheets-textstyleruns=\"{&quot;1&quot;:0,&quot;2&quot;:{&quot;5&quot;:1}}\uee10{&quot;1&quot;:48}\uee10{&quot;1&quot;:391,&quot;2&quot;:{&quot;5&quot;:1}}\uee10{&quot;1&quot;:431}\uee10{&quot;1&quot;:603,&quot;2&quot;:{&quot;5&quot;:1}}\uee10{&quot;1&quot;:626}\">Wash clothes in hot water.<br \/>\nWash with detergents and detergents.<\/span><\/p>","protected":false},"excerpt":{"rendered":"<ul>\n<li><span data-sheets-value=\"{&quot;1&quot;:2,&quot;2&quot;:&quot;NH\u1eeeNG \u0110I\u1ec0U DHI G\u1eecI G\u1eaeM V\u00c0O S\u1ea2N PH\u1ea8M (big title)nn\u0110\u01b0\u1ee3c s\u1ea3n xu\u1ea5t t\u1eeb ch\u1ea5t li\u1ec7u co gi\u00e3n \u0111a chi\u1ec1u, s\u1ea3n ph\u1ea9m ch\u1eafc ch\u1eafn s\u1ebd mang l\u1ea1i c\u1ea3m gi\u00e1c tho\u1ea3i m\u00e1i, d\u1ec5 ch\u1ecbu v\u00e0 \u00eam \u00e1i cho b\u1ea1n. Th\u00e2n tr\u01b0\u1edbc \u00e1o bra c\u00f3 3 l\u1edbp v\u00e0 ph\u1ea7n m\u00fat c\u00f3 th\u1ec3 th\u00e1o r\u1eddi. Ph\u1ea7n d\u00e2y v\u00e0 l\u01b0ng \u0111\u01b0\u1ee3c c\u1eaft x\u1ebb g\u1ee3i c\u1ea3m. G\u1ea5u qu\u1ea7n legging \u0111\u01b0\u1ee3c thi\u1ebft k\u1ebf v\u1eeba ch\u1ea1m m\u1eaft c\u00e1 \u0111\u1ea7y tinh t\u1ebf t\u0103ng \u0111\u1ed9 th\u1ea9m m\u1ef9 cho \u0111\u00f4i ch\u00e2n v\u00e0 kh\u00f4ng v\u01b0\u1edbng v\u00edu trong t\u1eadp luy\u1ec7n. nnH\u01af\u1edaNG D\u1eaaN B\u1ea2O QU\u1ea2N S\u1ea2N PH\u1ea8M (big title)nnLu\u00f4n l\u1ed9n tr\u00e1i m\u1eb7t s\u1ea3n ph\u1ea9m khi gi\u1eb7t v\u00e0 ph\u01a1i.nLu\u00f4n b\u1ecf qu\u1ea7n \u00e1o v\u00e0o t\u00fai gi\u1eb7t khi gi\u1eb7t.nCh\u1ec9 gi\u1eb7t qu\u1ea7n \u00e1o b\u1eb1ng n\u01b0\u1edbc l\u1ea1nh.nCh\u1ec9 \u1ee7i m\u1eb7t tr\u00e1i c\u1ee7a s\u1ea3n ph\u1ea9m v\u1edbi nhi\u1ec7t \u0111\u1ed9 v\u1eeba ph\u1ea3i. nnL\u01b0u \u00fd tuy\u1ec7t \u0111\u1ed1i KH\u00d4NG:nGi\u1eb7t qu\u1ea7n \u00e1o b\u1eb1ng n\u01b0\u1edbc n\u00f3ng.nGi\u1eb7t b\u1eb1ng c\u00e1c ho\u00e1 ch\u1ea5t t\u1ea9y, r\u1eeda.&quot;}\" data-sheets-userformat=\"{&quot;2&quot;:13185,&quot;3&quot;:{&quot;1&quot;:0},&quot;10&quot;:1,&quot;11&quot;:4,&quot;12&quot;:0,&quot;15&quot;:&quot;Arial&quot;,&quot;16&quot;:11}\" data-sheets-textstyleruns=\"{&quot;1&quot;:0,&quot;2&quot;:{&quot;5&quot;:1}}\uee10{&quot;1&quot;:48}\uee10{&quot;1&quot;:391,&quot;2&quot;:{&quot;5&quot;:1}}\uee10{&quot;1&quot;:431}\uee10{&quot;1&quot;:603,&quot;2&quot;:{&quot;5&quot;:1}}\uee10{&quot;1&quot;:626}\">Produced from multi-way stretch material, the product is sure to bring you comfort, comfort and smoothness. <\/span><\/li>\n<li><span data-sheets-value=\"{&quot;1&quot;:2,&quot;2&quot;:&quot;NH\u1eeeNG \u0110I\u1ec0U DHI G\u1eecI G\u1eaeM V\u00c0O S\u1ea2N PH\u1ea8M (big title)nn\u0110\u01b0\u1ee3c s\u1ea3n xu\u1ea5t t\u1eeb ch\u1ea5t li\u1ec7u co gi\u00e3n \u0111a chi\u1ec1u, s\u1ea3n ph\u1ea9m ch\u1eafc ch\u1eafn s\u1ebd mang l\u1ea1i c\u1ea3m gi\u00e1c tho\u1ea3i m\u00e1i, d\u1ec5 ch\u1ecbu v\u00e0 \u00eam \u00e1i cho b\u1ea1n. Th\u00e2n tr\u01b0\u1edbc \u00e1o bra c\u00f3 3 l\u1edbp v\u00e0 ph\u1ea7n m\u00fat c\u00f3 th\u1ec3 th\u00e1o r\u1eddi. Ph\u1ea7n d\u00e2y v\u00e0 l\u01b0ng \u0111\u01b0\u1ee3c c\u1eaft x\u1ebb g\u1ee3i c\u1ea3m. G\u1ea5u qu\u1ea7n legging \u0111\u01b0\u1ee3c thi\u1ebft k\u1ebf v\u1eeba ch\u1ea1m m\u1eaft c\u00e1 \u0111\u1ea7y tinh t\u1ebf t\u0103ng \u0111\u1ed9 th\u1ea9m m\u1ef9 cho \u0111\u00f4i ch\u00e2n v\u00e0 kh\u00f4ng v\u01b0\u1edbng v\u00edu trong t\u1eadp luy\u1ec7n. nnH\u01af\u1edaNG D\u1eaaN B\u1ea2O QU\u1ea2N S\u1ea2N PH\u1ea8M (big title)nnLu\u00f4n l\u1ed9n tr\u00e1i m\u1eb7t s\u1ea3n ph\u1ea9m khi gi\u1eb7t v\u00e0 ph\u01a1i.nLu\u00f4n b\u1ecf qu\u1ea7n \u00e1o v\u00e0o t\u00fai gi\u1eb7t khi gi\u1eb7t.nCh\u1ec9 gi\u1eb7t qu\u1ea7n \u00e1o b\u1eb1ng n\u01b0\u1edbc l\u1ea1nh.nCh\u1ec9 \u1ee7i m\u1eb7t tr\u00e1i c\u1ee7a s\u1ea3n ph\u1ea9m v\u1edbi nhi\u1ec7t \u0111\u1ed9 v\u1eeba ph\u1ea3i. nnL\u01b0u \u00fd tuy\u1ec7t \u0111\u1ed1i KH\u00d4NG:nGi\u1eb7t qu\u1ea7n \u00e1o b\u1eb1ng n\u01b0\u1edbc n\u00f3ng.nGi\u1eb7t b\u1eb1ng c\u00e1c ho\u00e1 ch\u1ea5t t\u1ea9y, r\u1eeda.&quot;}\" data-sheets-userformat=\"{&quot;2&quot;:13185,&quot;3&quot;:{&quot;1&quot;:0},&quot;10&quot;:1,&quot;11&quot;:4,&quot;12&quot;:0,&quot;15&quot;:&quot;Arial&quot;,&quot;16&quot;:11}\" data-sheets-textstyleruns=\"{&quot;1&quot;:0,&quot;2&quot;:{&quot;5&quot;:1}}\uee10{&quot;1&quot;:48}\uee10{&quot;1&quot;:391,&quot;2&quot;:{&quot;5&quot;:1}}\uee10{&quot;1&quot;:431}\uee10{&quot;1&quot;:603,&quot;2&quot;:{&quot;5&quot;:1}}\uee10{&quot;1&quot;:626}\">The bra front has 3 layers and the foam is removable. The strap and back are cut sexy. <\/span><\/li>\n<li><span data-sheets-value=\"{&quot;1&quot;:2,&quot;2&quot;:&quot;NH\u1eeeNG \u0110I\u1ec0U DHI G\u1eecI G\u1eaeM V\u00c0O S\u1ea2N PH\u1ea8M (big title)nn\u0110\u01b0\u1ee3c s\u1ea3n xu\u1ea5t t\u1eeb ch\u1ea5t li\u1ec7u co gi\u00e3n \u0111a chi\u1ec1u, s\u1ea3n ph\u1ea9m ch\u1eafc ch\u1eafn s\u1ebd mang l\u1ea1i c\u1ea3m gi\u00e1c tho\u1ea3i m\u00e1i, d\u1ec5 ch\u1ecbu v\u00e0 \u00eam \u00e1i cho b\u1ea1n. Th\u00e2n tr\u01b0\u1edbc \u00e1o bra c\u00f3 3 l\u1edbp v\u00e0 ph\u1ea7n m\u00fat c\u00f3 th\u1ec3 th\u00e1o r\u1eddi. Ph\u1ea7n d\u00e2y v\u00e0 l\u01b0ng \u0111\u01b0\u1ee3c c\u1eaft x\u1ebb g\u1ee3i c\u1ea3m. G\u1ea5u qu\u1ea7n legging \u0111\u01b0\u1ee3c thi\u1ebft k\u1ebf v\u1eeba ch\u1ea1m m\u1eaft c\u00e1 \u0111\u1ea7y tinh t\u1ebf t\u0103ng \u0111\u1ed9 th\u1ea9m m\u1ef9 cho \u0111\u00f4i ch\u00e2n v\u00e0 kh\u00f4ng v\u01b0\u1edbng v\u00edu trong t\u1eadp luy\u1ec7n. nnH\u01af\u1edaNG D\u1eaaN B\u1ea2O QU\u1ea2N S\u1ea2N PH\u1ea8M (big title)nnLu\u00f4n l\u1ed9n tr\u00e1i m\u1eb7t s\u1ea3n ph\u1ea9m khi gi\u1eb7t v\u00e0 ph\u01a1i.nLu\u00f4n b\u1ecf qu\u1ea7n \u00e1o v\u00e0o t\u00fai gi\u1eb7t khi gi\u1eb7t.nCh\u1ec9 gi\u1eb7t qu\u1ea7n \u00e1o b\u1eb1ng n\u01b0\u1edbc l\u1ea1nh.nCh\u1ec9 \u1ee7i m\u1eb7t tr\u00e1i c\u1ee7a s\u1ea3n ph\u1ea9m v\u1edbi nhi\u1ec7t \u0111\u1ed9 v\u1eeba ph\u1ea3i. nnL\u01b0u \u00fd tuy\u1ec7t \u0111\u1ed1i KH\u00d4NG:nGi\u1eb7t qu\u1ea7n \u00e1o b\u1eb1ng n\u01b0\u1edbc n\u00f3ng.nGi\u1eb7t b\u1eb1ng c\u00e1c ho\u00e1 ch\u1ea5t t\u1ea9y, r\u1eeda.&quot;}\" data-sheets-userformat=\"{&quot;2&quot;:13185,&quot;3&quot;:{&quot;1&quot;:0},&quot;10&quot;:1,&quot;11&quot;:4,&quot;12&quot;:0,&quot;15&quot;:&quot;Arial&quot;,&quot;16&quot;:11}\" data-sheets-textstyleruns=\"{&quot;1&quot;:0,&quot;2&quot;:{&quot;5&quot;:1}}\uee10{&quot;1&quot;:48}\uee10{&quot;1&quot;:391,&quot;2&quot;:{&quot;5&quot;:1}}\uee10{&quot;1&quot;:431}\uee10{&quot;1&quot;:603,&quot;2&quot;:{&quot;5&quot;:1}}\uee10{&quot;1&quot;:626}\">The hem of the leggings is designed to touch the ankle delicately, increasing the aesthetics of the legs and not getting entangled in exercise.<\/span><\/li>\n<\/ul>","protected":false},"featured_media":12944,"comment_status":"open","ping_status":"closed","template":"","meta":{"_monsterinsights_skip_tracking":false,"_monsterinsights_sitenote_active":false,"_monsterinsights_sitenote_note":"","_monsterinsights_sitenote_category":0,"spay_email":""},"product_cat":[96,107],"product_tag":[101,100,73,105,102,103,104,72],"_links":{"self":[{"href":"https:\/\/dhilifestyle.com\/en\/wp-json\/wp\/v2\/product\/12802"}],"collection":[{"href":"https:\/\/dhilifestyle.com\/en\/wp-json\/wp\/v2\/product"}],"about":[{"href":"https:\/\/dhilifestyle.com\/en\/wp-json\/wp\/v2\/types\/product"}],"replies":[{"embeddable":true,"href":"https:\/\/dhilifestyle.com\/en\/wp-json\/wp\/v2\/comments?post=12802"}],"wp:featuredmedia":[{"embeddable":true,"href":"https:\/\/dhilifestyle.com\/en\/wp-json\/wp\/v2\/media\/12944"}],"wp:attachment":[{"href":"https:\/\/dhilifestyle.com\/en\/wp-json\/wp\/v2\/media?parent=12802"}],"wp:term":[{"taxonomy":"product_cat","embeddable":true,"href":"https:\/\/dhilifestyle.com\/en\/wp-json\/wp\/v2\/product_cat?post=12802"},{"taxonomy":"product_tag","embeddable":true,"href":"https:\/\/dhilifestyle.com\/en\/wp-json\/wp\/v2\/product_tag?post=12802"}],"curies":[{"name":"wp","href":"https:\/\/api.w.org\/{rel}","templated":true}]}}